{"id":2085,"date":"2024-02-12T22:34:39","date_gmt":"2024-02-12T21:34:39","guid":{"rendered":"https:\/\/www.podstorzic.si\/?page_id=2085"},"modified":"2024-02-13T09:32:43","modified_gmt":"2024-02-13T08:32:43","slug":"webcams","status":"publish","type":"page","link":"https:\/\/www.podstorzic.si\/en\/webcams\/","title":{"rendered":"Webcams"},"content":{"rendered":"\t\t<div data-elementor-type=\"wp-page\" data-elementor-id=\"2085\" class=\"elementor elementor-2085 elementor-2084\">\n\t\t\t\t\t\t<section class=\"elementor-section elementor-top-section elementor-element elementor-element-b06410f elementor-section-boxed elementor-section-height-default elementor-section-height-default\" data-id=\"b06410f\" data-element_type=\"section\" data-e-type=\"section\">\n\t\t\t\t\t\t<div class=\"elementor-container elementor-column-gap-default\">\n\t\t\t\t\t<div class=\"elementor-column elementor-col-100 elementor-top-column elementor-element elementor-element-5a08c89\" data-id=\"5a08c89\" data-element_type=\"column\" data-e-type=\"column\">\n\t\t\t<div class=\"elementor-widget-wrap elementor-element-populated\">\n\t\t\t\t\t\t<div class=\"elementor-element elementor-element-9b107f8 elementor-widget elementor-widget-cz_title\" data-id=\"9b107f8\" data-element_type=\"widget\" data-e-type=\"widget\" data-widget_type=\"cz_title.default\">\n\t\t\t\t<div class=\"elementor-widget-container\">\n\t\t\t\t\t\t\r\n\t\t<div>\r\n\t\t\t<div class=\"cz_title clr cz_title_pos_inline\"><div class=\"cz_title_content\"><div class=\"cz_wpe_content\"><h1>Live<\/h1><h3>Webcams \u2013 PD Tr\u017ei\u010d Mountain Huts and the surrounding areas<\/h3><p><strong>Provided by:\u00a0<a href=\"https:\/\/trzic.tv\/panoramske-kamere\/\" target=\"_blank\" rel=\"noopener\">Tr\u017ei\u010d TV<\/a>,\u00a0<a href=\"https:\/\/www.planinsko-drustvo-trzic.si\/\" target=\"_blank\" rel=\"noopener\">PD Tr\u017ei\u010d<\/a><\/strong><\/p><\/div><\/div><\/div>\r\n\t\t<\/div>\r\n\t\t\r\n\t\t\t\t\t\t<\/div>\n\t\t\t\t<\/div>\n\t\t\t\t<div class=\"elementor-element elementor-element-048a9f7 elementor-widget elementor-widget-html\" data-id=\"048a9f7\" data-element_type=\"widget\" data-e-type=\"widget\" data-widget_type=\"html.default\">\n\t\t\t\t<div class=\"elementor-widget-container\">\n\t\t\t\t\t<div class=\"trzictv-empty\">Ni najdenih videov.<\/div>\t\t\t\t<\/div>\n\t\t\t\t<\/div>\n\t\t\t\t<div class=\"elementor-element elementor-element-75b87ab elementor-widget elementor-widget-cz_gap\" data-id=\"75b87ab\" data-element_type=\"widget\" data-e-type=\"widget\" data-widget_type=\"cz_gap.default\">\n\t\t\t\t<div class=\"elementor-widget-container\">\n\t\t\t\t\t<div class=\"cz_gap clr\"><\/div>\t\t\t\t<\/div>\n\t\t\t\t<\/div>\n\t\t\t\t<div class=\"elementor-element elementor-element-b096caa elementor-widget-divider--view-line elementor-widget elementor-widget-divider\" data-id=\"b096caa\" data-element_type=\"widget\" data-e-type=\"widget\" data-widget_type=\"divider.default\">\n\t\t\t\t<div class=\"elementor-widget-container\">\n\t\t\t\t\t\t\t<div class=\"elementor-divider\">\n\t\t\t<span class=\"elementor-divider-separator\">\n\t\t\t\t\t\t<\/span>\n\t\t<\/div>\n\t\t\t\t\t\t<\/div>\n\t\t\t\t<\/div>\n\t\t\t\t<div class=\"elementor-element elementor-element-c3a70a8 elementor-widget elementor-widget-html\" data-id=\"c3a70a8\" data-element_type=\"widget\" data-e-type=\"widget\" data-widget_type=\"html.default\">\n\t\t\t\t<div class=\"elementor-widget-container\">\n\t\t\t\t\t    <div class=\"trzictv-video-grid trzictv-3-columns\">\n                                <div class=\"trzictv-video-card\">\n                <div class=\"trzictv-thumb-wrap\">\n                                            <img decoding=\"async\" class=\"trzictv-video-thumbnail\" src=\"https:\/\/i.ytimg.com\/vi\/ICMkMEmMmg8\/hqdefault_live.jpg\" alt=\"[Kamera v \u017eivo] dom na Dobr\u010di\" loading=\"lazy\" \/>\n                                        <button class=\"trzictv-play-btn\" type=\"button\" aria-label=\"Predvajaj video\"><\/button>\n                    <div class=\"trzictv-lazy-yt\" data-video-id=\"ICMkMEmMmg8\" title=\"[Kamera v \u017eivo] dom na Dobr\u010di\"><\/div>\n                <\/div>\n                                    <div class=\"trzictv-title\">[Kamera v \u017eivo] dom na Dobr\u010di<\/div>\n                            <\/div>\n                                <div class=\"trzictv-video-card\">\n                <div class=\"trzictv-thumb-wrap\">\n                                            <img decoding=\"async\" class=\"trzictv-video-thumbnail\" src=\"https:\/\/i.ytimg.com\/vi\/6EIRtSLEI1A\/hqdefault_live.jpg\" alt=\"[Kamera v \u017eivo] pogled na cerkev sv. Jo\u017eefa v Tr\u017ei\u010du in Kri\u0161ko goro\" loading=\"lazy\" \/>\n                                        <button class=\"trzictv-play-btn\" type=\"button\" aria-label=\"Predvajaj video\"><\/button>\n                    <div class=\"trzictv-lazy-yt\" data-video-id=\"6EIRtSLEI1A\" title=\"[Kamera v \u017eivo] pogled na cerkev sv. Jo\u017eefa v Tr\u017ei\u010du in Kri\u0161ko goro\"><\/div>\n                <\/div>\n                                    <div class=\"trzictv-title\">[Kamera v \u017eivo] pogled na cerkev sv. Jo\u017eefa v Tr\u017ei\u010du in Kri\u0161ko goro<\/div>\n                            <\/div>\n            <\/div>\n    \t\t\t\t<\/div>\n\t\t\t\t<\/div>\n\t\t\t\t<div class=\"elementor-element elementor-element-c4a040e elementor-widget-divider--view-line elementor-widget elementor-widget-divider\" data-id=\"c4a040e\" data-element_type=\"widget\" data-e-type=\"widget\" data-widget_type=\"divider.default\">\n\t\t\t\t<div class=\"elementor-widget-container\">\n\t\t\t\t\t\t\t<div class=\"elementor-divider\">\n\t\t\t<span class=\"elementor-divider-separator\">\n\t\t\t\t\t\t<\/span>\n\t\t<\/div>\n\t\t\t\t\t\t<\/div>\n\t\t\t\t<\/div>\n\t\t\t\t<div class=\"elementor-element elementor-element-15bd1de elementor-widget elementor-widget-cz_title\" data-id=\"15bd1de\" data-element_type=\"widget\" data-e-type=\"widget\" data-widget_type=\"cz_title.default\">\n\t\t\t\t<div class=\"elementor-widget-container\">\n\t\t\t\t\t\t\r\n\t\t<div>\r\n\t\t\t<div class=\"cz_title clr cz_title_pos_inline\"><div class=\"cz_title_content\"><div class=\"cz_wpe_content\"><p><em>Images are refreshed every 2 to 10 minutes.<\/em><\/p><p><strong>Provided by:\u00a0<a href=\"https:\/\/trzic.tv\/panoramske-kamere\/\" target=\"_blank\" rel=\"noopener\">Tr\u017ei\u010d TV<\/a>,\u00a0<a href=\"https:\/\/www.planinsko-drustvo-trzic.si\/\" target=\"_blank\" rel=\"noopener\">PD Tr\u017ei\u010d,<\/a>\u00a0others<\/strong><\/p><p>\u00a0<\/p><\/div><\/div><\/div>\r\n\t\t<\/div>\r\n\t\t\r\n\t\t\t\t\t\t<\/div>\n\t\t\t\t<\/div>\n\t\t\t\t<div class=\"elementor-element elementor-element-e2f5a3c elementor-widget elementor-widget-html\" data-id=\"e2f5a3c\" data-element_type=\"widget\" data-e-type=\"widget\" data-widget_type=\"html.default\">\n\t\t\t\t<div class=\"elementor-widget-container\">\n\t\t\t\t\t[trzictv_panorama images=\"PodStorzic_1_last,PodStorzic_2_last\" columns=\"3\"]\t\t\t\t<\/div>\n\t\t\t\t<\/div>\n\t\t\t\t<div class=\"elementor-element elementor-element-1c9c9ac elementor-widget elementor-widget-html\" data-id=\"1c9c9ac\" data-element_type=\"widget\" data-e-type=\"widget\" data-widget_type=\"html.default\">\n\t\t\t\t<div class=\"elementor-widget-container\">\n\t\t\t\t\t[trzictv_panorama]\t\t\t\t<\/div>\n\t\t\t\t<\/div>\n\t\t\t\t<div class=\"elementor-element elementor-element-a2ec787 elementor-widget elementor-widget-cz_gap\" data-id=\"a2ec787\" data-element_type=\"widget\" data-e-type=\"widget\" data-widget_type=\"cz_gap.default\">\n\t\t\t\t<div class=\"elementor-widget-container\">\n\t\t\t\t\t<div class=\"cz_gap clr\"><\/div>\t\t\t\t<\/div>\n\t\t\t\t<\/div>\n\t\t\t\t<div class=\"elementor-element elementor-element-e091310 elementor-widget elementor-widget-cz_title\" data-id=\"e091310\" data-element_type=\"widget\" data-e-type=\"widget\" data-widget_type=\"cz_title.default\">\n\t\t\t\t<div class=\"elementor-widget-container\">\n\t\t\t\t\t\t\r\n\t\t<div>\r\n\t\t\t<div class=\"cz_title clr cz_title_pos_inline\"><div class=\"cz_title_content\"><div class=\"cz_wpe_content\"><h3>Kri\u0161ka gora - PD Kri\u017ee<\/h3><\/div><\/div><\/div>\r\n\t\t<\/div>\r\n\t\t\r\n\t\t\t\t\t\t<\/div>\n\t\t\t\t<\/div>\n\t\t\t\t<section class=\"elementor-section elementor-inner-section elementor-element elementor-element-c78d301 elementor-section-boxed elementor-section-height-default elementor-section-height-default\" data-id=\"c78d301\" data-element_type=\"section\" data-e-type=\"section\">\n\t\t\t\t\t\t<div class=\"elementor-container elementor-column-gap-default\">\n\t\t\t\t\t<div class=\"elementor-column elementor-col-33 elementor-inner-column elementor-element elementor-element-8324438\" data-id=\"8324438\" data-element_type=\"column\" data-e-type=\"column\">\n\t\t\t<div class=\"elementor-widget-wrap elementor-element-populated\">\n\t\t\t\t\t\t<div class=\"elementor-element elementor-element-d37d5e3 elementor-widget elementor-widget-image\" data-id=\"d37d5e3\" data-element_type=\"widget\" data-e-type=\"widget\" data-widget_type=\"image.default\">\n\t\t\t\t<div class=\"elementor-widget-container\">\n\t\t\t\t\t\t\t\t\t\t\t\t\t\t\t\t<a href=\"https:\/\/www.hribi.net\/kamere\/kriska_gora_3134.jpg\" target=\"_blank\">\n\t\t\t\t\t\t\t<img loading=\"lazy\" decoding=\"async\" width=\"1024\" height=\"576\" src=\"https:\/\/www.podstorzic.si\/wp-content\/uploads\/2024\/02\/kriska_gora_3134-1024x576.jpg\" class=\"attachment-large size-large wp-image-2196\" alt=\"Kriska gora 3134 1024x576\" srcset=\"https:\/\/www.podstorzic.si\/wp-content\/uploads\/2024\/02\/kriska_gora_3134-1024x576.jpg 1024w, https:\/\/www.podstorzic.si\/wp-content\/uploads\/2024\/02\/kriska_gora_3134-300x169.jpg 300w, https:\/\/www.podstorzic.si\/wp-content\/uploads\/2024\/02\/kriska_gora_3134-768x432.jpg 768w, https:\/\/www.podstorzic.si\/wp-content\/uploads\/2024\/02\/kriska_gora_3134-1536x864.jpg 1536w, https:\/\/www.podstorzic.si\/wp-content\/uploads\/2024\/02\/kriska_gora_3134-600x338.jpg 600w, https:\/\/www.podstorzic.si\/wp-content\/uploads\/2024\/02\/kriska_gora_3134.jpg 1920w\" sizes=\"auto, (max-width: 1024px) 100vw, 1024px\" loading=\"lazy\" \/>\t\t\t\t\t\t\t\t<\/a>\n\t\t\t\t\t\t\t\t\t\t\t\t\t\t\t<\/div>\n\t\t\t\t<\/div>\n\t\t\t\t\t<\/div>\n\t\t<\/div>\n\t\t\t\t<div class=\"elementor-column elementor-col-33 elementor-inner-column elementor-element elementor-element-56f2f90\" data-id=\"56f2f90\" data-element_type=\"column\" data-e-type=\"column\">\n\t\t\t<div class=\"elementor-widget-wrap elementor-element-populated\">\n\t\t\t\t\t\t<div class=\"elementor-element elementor-element-920d2b7 elementor-widget elementor-widget-image\" data-id=\"920d2b7\" data-element_type=\"widget\" data-e-type=\"widget\" data-widget_type=\"image.default\">\n\t\t\t\t<div class=\"elementor-widget-container\">\n\t\t\t\t\t\t\t\t\t\t\t\t\t\t\t\t<a href=\"https:\/\/www.hribi.net\/kamere\/kriska_gora_2115.jpg\" target=\"_blank\">\n\t\t\t\t\t\t\t<img loading=\"lazy\" decoding=\"async\" width=\"1024\" height=\"576\" src=\"https:\/\/www.podstorzic.si\/wp-content\/uploads\/2024\/02\/kriska_gora_2115-1024x576.jpg\" class=\"attachment-large size-large wp-image-2198\" alt=\"Kriska gora 2115 1024x576\" srcset=\"https:\/\/www.podstorzic.si\/wp-content\/uploads\/2024\/02\/kriska_gora_2115-1024x576.jpg 1024w, https:\/\/www.podstorzic.si\/wp-content\/uploads\/2024\/02\/kriska_gora_2115-300x169.jpg 300w, https:\/\/www.podstorzic.si\/wp-content\/uploads\/2024\/02\/kriska_gora_2115-768x432.jpg 768w, https:\/\/www.podstorzic.si\/wp-content\/uploads\/2024\/02\/kriska_gora_2115-600x338.jpg 600w, https:\/\/www.podstorzic.si\/wp-content\/uploads\/2024\/02\/kriska_gora_2115.jpg 1280w\" sizes=\"auto, (max-width: 1024px) 100vw, 1024px\" loading=\"lazy\" \/>\t\t\t\t\t\t\t\t<\/a>\n\t\t\t\t\t\t\t\t\t\t\t\t\t\t\t<\/div>\n\t\t\t\t<\/div>\n\t\t\t\t\t<\/div>\n\t\t<\/div>\n\t\t\t\t<div class=\"elementor-column elementor-col-33 elementor-inner-column elementor-element elementor-element-96536f4\" data-id=\"96536f4\" data-element_type=\"column\" data-e-type=\"column\">\n\t\t\t<div class=\"elementor-widget-wrap elementor-element-populated\">\n\t\t\t\t\t\t<div class=\"elementor-element elementor-element-1c789fa elementor-widget elementor-widget-image\" data-id=\"1c789fa\" data-element_type=\"widget\" data-e-type=\"widget\" data-widget_type=\"image.default\">\n\t\t\t\t<div class=\"elementor-widget-container\">\n\t\t\t\t\t\t\t\t\t\t\t\t\t\t\t\t<a href=\"https:\/\/www.luftar.si\/img\/webCam\/KriskaSebenje.jpg\" target=\"_blank\">\n\t\t\t\t\t\t\t<img loading=\"lazy\" decoding=\"async\" width=\"1024\" height=\"576\" src=\"https:\/\/www.podstorzic.si\/wp-content\/uploads\/2024\/02\/KriskaSebenje-1024x576.jpg\" class=\"attachment-large size-large wp-image-2200\" alt=\"KriskaSebenje 1024x576\" srcset=\"https:\/\/www.podstorzic.si\/wp-content\/uploads\/2024\/02\/KriskaSebenje-1024x576.jpg 1024w, https:\/\/www.podstorzic.si\/wp-content\/uploads\/2024\/02\/KriskaSebenje-300x169.jpg 300w, https:\/\/www.podstorzic.si\/wp-content\/uploads\/2024\/02\/KriskaSebenje-768x432.jpg 768w, https:\/\/www.podstorzic.si\/wp-content\/uploads\/2024\/02\/KriskaSebenje-1536x864.jpg 1536w, https:\/\/www.podstorzic.si\/wp-content\/uploads\/2024\/02\/KriskaSebenje-600x338.jpg 600w, https:\/\/www.podstorzic.si\/wp-content\/uploads\/2024\/02\/KriskaSebenje.jpg 1920w\" sizes=\"auto, (max-width: 1024px) 100vw, 1024px\" loading=\"lazy\" \/>\t\t\t\t\t\t\t\t<\/a>\n\t\t\t\t\t\t\t\t\t\t\t\t\t\t\t<\/div>\n\t\t\t\t<\/div>\n\t\t\t\t<div class=\"elementor-element elementor-element-43a0511 elementor-widget elementor-widget-text-editor\" data-id=\"43a0511\" data-element_type=\"widget\" data-e-type=\"widget\" data-widget_type=\"text-editor.default\">\n\t\t\t\t<div class=\"elementor-widget-container\">\n\t\t\t\t\t\t\t\t\t<p><span style=\"font-size: 14px;\">Pogled proti Kri\u0161ki gori (Tolstemu vrhu) in Stor\u017ei\u010du. Vir <a href=\"https:\/\/www.luftar.si\/\" target=\"_blank\" rel=\"noopener\">Luftar.si<\/a><\/span><\/p>\t\t\t\t\t\t\t\t<\/div>\n\t\t\t\t<\/div>\n\t\t\t\t\t<\/div>\n\t\t<\/div>\n\t\t\t\t\t<\/div>\n\t\t<\/section>\n\t\t\t\t\t<\/div>\n\t\t<\/div>\n\t\t\t\t\t<\/div>\n\t\t<\/section>\n\t\t\t\t<\/div>\n\t\t","protected":false},"excerpt":{"rendered":"<p>Live Webcams \u2013 PD Tr\u017ei\u010d Mountain Huts and the surrounding areas &#8230; <\/p>\n","protected":false},"author":1,"featured_media":0,"parent":0,"menu_order":0,"comment_status":"closed","ping_status":"closed","template":"","meta":{"iawp_total_views":922,"footnotes":""},"class_list":["post-2085","page","type-page","status-publish","hentry"],"yoast_head":"<!-- This site is optimized with the Yoast SEO plugin v27.2 - https:\/\/yoast.com\/product\/yoast-seo-wordpress\/ -->\n<title>Webcams - Dom pod Stor\u017ei\u010dem<\/title>\n<meta name=\"robots\" content=\"index, follow, max-snippet:-1, max-image-preview:large, max-video-preview:-1\" \/>\n<link rel=\"canonical\" href=\"https:\/\/www.podstorzic.si\/en\/webcams\/\" \/>\n<meta property=\"og:locale\" content=\"en_US\" \/>\n<meta property=\"og:type\" content=\"article\" \/>\n<meta property=\"og:title\" content=\"Webcams - Dom pod Stor\u017ei\u010dem\" \/>\n<meta property=\"og:description\" content=\"Live Webcams \u2013 PD Tr\u017ei\u010d Mountain Huts and the surrounding areas ...\" \/>\n<meta property=\"og:url\" content=\"https:\/\/www.podstorzic.si\/en\/webcams\/\" \/>\n<meta property=\"og:site_name\" content=\"Dom pod Stor\u017ei\u010dem\" \/>\n<meta property=\"article:modified_time\" content=\"2024-02-13T08:32:43+00:00\" \/>\n<meta property=\"og:image\" content=\"https:\/\/www.podstorzic.si\/wp-content\/uploads\/2024\/02\/kriska_gora_3134-1024x576.jpg\" \/>\n<meta name=\"twitter:card\" content=\"summary_large_image\" \/>\n<meta name=\"twitter:label1\" content=\"Est. reading time\" \/>\n\t<meta name=\"twitter:data1\" content=\"1 minute\" \/>\n<script type=\"application\/ld+json\" class=\"yoast-schema-graph\">{\"@context\":\"https:\/\/schema.org\",\"@graph\":[{\"@type\":\"WebPage\",\"@id\":\"https:\/\/www.podstorzic.si\/en\/webcams\/\",\"url\":\"https:\/\/www.podstorzic.si\/en\/webcams\/\",\"name\":\"Webcams - Dom pod Stor\u017ei\u010dem\",\"isPartOf\":{\"@id\":\"https:\/\/www.podstorzic.si\/en\/#website\"},\"primaryImageOfPage\":{\"@id\":\"https:\/\/www.podstorzic.si\/en\/webcams\/#primaryimage\"},\"image\":{\"@id\":\"https:\/\/www.podstorzic.si\/en\/webcams\/#primaryimage\"},\"thumbnailUrl\":\"https:\/\/www.podstorzic.si\/wp-content\/uploads\/2024\/02\/kriska_gora_3134-1024x576.jpg\",\"datePublished\":\"2024-02-12T21:34:39+00:00\",\"dateModified\":\"2024-02-13T08:32:43+00:00\",\"breadcrumb\":{\"@id\":\"https:\/\/www.podstorzic.si\/en\/webcams\/#breadcrumb\"},\"inLanguage\":\"en-US\",\"potentialAction\":[{\"@type\":\"ReadAction\",\"target\":[\"https:\/\/www.podstorzic.si\/en\/webcams\/\"]}]},{\"@type\":\"ImageObject\",\"inLanguage\":\"en-US\",\"@id\":\"https:\/\/www.podstorzic.si\/en\/webcams\/#primaryimage\",\"url\":\"https:\/\/www.podstorzic.si\/wp-content\/uploads\/2024\/02\/kriska_gora_3134-1024x576.jpg\",\"contentUrl\":\"https:\/\/www.podstorzic.si\/wp-content\/uploads\/2024\/02\/kriska_gora_3134-1024x576.jpg\"},{\"@type\":\"BreadcrumbList\",\"@id\":\"https:\/\/www.podstorzic.si\/en\/webcams\/#breadcrumb\",\"itemListElement\":[{\"@type\":\"ListItem\",\"position\":1,\"name\":\"Home\",\"item\":\"https:\/\/www.podstorzic.si\/en\/\"},{\"@type\":\"ListItem\",\"position\":2,\"name\":\"Webcams\"}]},{\"@type\":\"WebSite\",\"@id\":\"https:\/\/www.podstorzic.si\/en\/#website\",\"url\":\"https:\/\/www.podstorzic.si\/en\/\",\"name\":\"Dom pod Stor\u017ei\u010dem\",\"description\":\"Planinsko dru\u0161tvo Tr\u017ei\u010d\",\"potentialAction\":[{\"@type\":\"SearchAction\",\"target\":{\"@type\":\"EntryPoint\",\"urlTemplate\":\"https:\/\/www.podstorzic.si\/en\/?s={search_term_string}\"},\"query-input\":{\"@type\":\"PropertyValueSpecification\",\"valueRequired\":true,\"valueName\":\"search_term_string\"}}],\"inLanguage\":\"en-US\"}]}<\/script>\n<!-- \/ Yoast SEO plugin. -->","yoast_head_json":{"title":"Webcams - Dom pod Stor\u017ei\u010dem","robots":{"index":"index","follow":"follow","max-snippet":"max-snippet:-1","max-image-preview":"max-image-preview:large","max-video-preview":"max-video-preview:-1"},"canonical":"https:\/\/www.podstorzic.si\/en\/webcams\/","og_locale":"en_US","og_type":"article","og_title":"Webcams - Dom pod Stor\u017ei\u010dem","og_description":"Live Webcams \u2013 PD Tr\u017ei\u010d Mountain Huts and the surrounding areas ...","og_url":"https:\/\/www.podstorzic.si\/en\/webcams\/","og_site_name":"Dom pod Stor\u017ei\u010dem","article_modified_time":"2024-02-13T08:32:43+00:00","og_image":[{"url":"https:\/\/www.podstorzic.si\/wp-content\/uploads\/2024\/02\/kriska_gora_3134-1024x576.jpg","type":"","width":"","height":""}],"twitter_card":"summary_large_image","twitter_misc":{"Est. reading time":"1 minute"},"schema":{"@context":"https:\/\/schema.org","@graph":[{"@type":"WebPage","@id":"https:\/\/www.podstorzic.si\/en\/webcams\/","url":"https:\/\/www.podstorzic.si\/en\/webcams\/","name":"Webcams - Dom pod Stor\u017ei\u010dem","isPartOf":{"@id":"https:\/\/www.podstorzic.si\/en\/#website"},"primaryImageOfPage":{"@id":"https:\/\/www.podstorzic.si\/en\/webcams\/#primaryimage"},"image":{"@id":"https:\/\/www.podstorzic.si\/en\/webcams\/#primaryimage"},"thumbnailUrl":"https:\/\/www.podstorzic.si\/wp-content\/uploads\/2024\/02\/kriska_gora_3134-1024x576.jpg","datePublished":"2024-02-12T21:34:39+00:00","dateModified":"2024-02-13T08:32:43+00:00","breadcrumb":{"@id":"https:\/\/www.podstorzic.si\/en\/webcams\/#breadcrumb"},"inLanguage":"en-US","potentialAction":[{"@type":"ReadAction","target":["https:\/\/www.podstorzic.si\/en\/webcams\/"]}]},{"@type":"ImageObject","inLanguage":"en-US","@id":"https:\/\/www.podstorzic.si\/en\/webcams\/#primaryimage","url":"https:\/\/www.podstorzic.si\/wp-content\/uploads\/2024\/02\/kriska_gora_3134-1024x576.jpg","contentUrl":"https:\/\/www.podstorzic.si\/wp-content\/uploads\/2024\/02\/kriska_gora_3134-1024x576.jpg"},{"@type":"BreadcrumbList","@id":"https:\/\/www.podstorzic.si\/en\/webcams\/#breadcrumb","itemListElement":[{"@type":"ListItem","position":1,"name":"Home","item":"https:\/\/www.podstorzic.si\/en\/"},{"@type":"ListItem","position":2,"name":"Webcams"}]},{"@type":"WebSite","@id":"https:\/\/www.podstorzic.si\/en\/#website","url":"https:\/\/www.podstorzic.si\/en\/","name":"Dom pod Stor\u017ei\u010dem","description":"Planinsko dru\u0161tvo Tr\u017ei\u010d","potentialAction":[{"@type":"SearchAction","target":{"@type":"EntryPoint","urlTemplate":"https:\/\/www.podstorzic.si\/en\/?s={search_term_string}"},"query-input":{"@type":"PropertyValueSpecification","valueRequired":true,"valueName":"search_term_string"}}],"inLanguage":"en-US"}]}},"_links":{"self":[{"href":"https:\/\/www.podstorzic.si\/en\/wp-json\/wp\/v2\/pages\/2085","targetHints":{"allow":["GET"]}}],"collection":[{"href":"https:\/\/www.podstorzic.si\/en\/wp-json\/wp\/v2\/pages"}],"about":[{"href":"https:\/\/www.podstorzic.si\/en\/wp-json\/wp\/v2\/types\/page"}],"author":[{"embeddable":true,"href":"https:\/\/www.podstorzic.si\/en\/wp-json\/wp\/v2\/users\/1"}],"replies":[{"embeddable":true,"href":"https:\/\/www.podstorzic.si\/en\/wp-json\/wp\/v2\/comments?post=2085"}],"version-history":[{"count":14,"href":"https:\/\/www.podstorzic.si\/en\/wp-json\/wp\/v2\/pages\/2085\/revisions"}],"predecessor-version":[{"id":2204,"href":"https:\/\/www.podstorzic.si\/en\/wp-json\/wp\/v2\/pages\/2085\/revisions\/2204"}],"wp:attachment":[{"href":"https:\/\/www.podstorzic.si\/en\/wp-json\/wp\/v2\/media?parent=2085"}],"curies":[{"name":"wp","href":"https:\/\/api.w.org\/{rel}","templated":true}]}}