{"id":2035,"date":"2022-09-28T09:56:50","date_gmt":"2022-09-28T07:56:50","guid":{"rendered":"https:\/\/www.podstorzic.si\/dostopi-in-poti\/"},"modified":"2023-05-16T12:14:17","modified_gmt":"2023-05-16T10:14:17","slug":"access-and-routes","status":"publish","type":"page","link":"https:\/\/www.podstorzic.si\/en\/access-and-routes\/","title":{"rendered":"Access and routes"},"content":{"rendered":"\t\t<div data-elementor-type=\"wp-page\" data-elementor-id=\"2035\" class=\"elementor elementor-2035 elementor-1395\">\n\t\t\t\t\t\t<section class=\"elementor-section elementor-top-section elementor-element elementor-element-9e4b3df elementor-section-stretched elementor-section-boxed elementor-section-height-default elementor-section-height-default\" data-id=\"9e4b3df\" data-element_type=\"section\" data-e-type=\"section\" data-settings=\"{&quot;stretch_section&quot;:&quot;section-stretched&quot;,&quot;background_background&quot;:&quot;classic&quot;}\">\n\t\t\t\t\t\t<div class=\"elementor-container elementor-column-gap-wider\">\n\t\t\t\t\t<div class=\"elementor-column elementor-col-50 elementor-top-column elementor-element elementor-element-4dea08f\" data-id=\"4dea08f\" data-element_type=\"column\" data-e-type=\"column\">\n\t\t\t<div class=\"elementor-widget-wrap elementor-element-populated\">\n\t\t\t\t\t\t<div class=\"elementor-element elementor-element-a7c15c2 elementor-widget elementor-widget-cz_title\" data-id=\"a7c15c2\" data-element_type=\"widget\" data-e-type=\"widget\" data-widget_type=\"cz_title.default\">\n\t\t\t\t<div class=\"elementor-widget-container\">\n\t\t\t\t\t\t\r\n\t\t<div>\r\n\t\t\t<div class=\"cz_title clr cz_title_pos_inline\"><div class=\"cz_title_content\"><div class=\"cz_wpe_content\"><h3><strong>Planinski dom pod Stor\u017ei\u010dem mountain hut<\/strong><\/h3><p>\u00a0<\/p><p><strong>T: +386 4 594 50 50<\/strong><br \/><strong>E:\u00a0<\/strong><a href=\"mailto:dompodstorzicem@gmail.com\"><strong>dompodstorzicem@gmail.com<\/strong><\/a><\/p><\/div><\/div><\/div>\r\n\t\t<\/div>\r\n\t\t\r\n\t\t\t\t\t\t<\/div>\n\t\t\t\t<\/div>\n\t\t\t\t\t<\/div>\n\t\t<\/div>\n\t\t\t\t<div class=\"elementor-column elementor-col-50 elementor-top-column elementor-element elementor-element-e9b3769\" data-id=\"e9b3769\" data-element_type=\"column\" data-e-type=\"column\">\n\t\t\t<div class=\"elementor-widget-wrap elementor-element-populated\">\n\t\t\t\t\t\t<div class=\"elementor-element elementor-element-fc48cf7 elementor-widget elementor-widget-cz_title\" data-id=\"fc48cf7\" data-element_type=\"widget\" data-e-type=\"widget\" data-widget_type=\"cz_title.default\">\n\t\t\t\t<div class=\"elementor-widget-container\">\n\t\t\t\t\t\t\r\n\t\t<div>\r\n\t\t\t<div class=\"cz_title clr cz_title_pos_inline\"><div class=\"cz_title_content\"><div class=\"cz_wpe_content\"><h3>Opening hours:<\/h3><p>\u00a0<\/p><ul><li><p><strong>During the summer season<\/strong>\u00a0<strong>(1.6. - 30.9.)<\/strong>\u00a0the Dom pod Stor\u017ei\u010dem is open every day.<\/p><\/li><li><p><strong>Outside the season (1.10. - 31.5.)<\/strong>\u00a0we are open on weekends, from 1 pm on Friday until Sunday evening. For groups, we can also open during the week upon prior arrangement.<\/p><\/li><li><p><strong>In winter<\/strong>, if the snow conditions are favorable, the Dom may also be open during the week.<\/p><\/li><\/ul><\/div><\/div><\/div>\r\n\t\t<\/div>\r\n\t\t\r\n\t\t\t\t\t\t<\/div>\n\t\t\t\t<\/div>\n\t\t\t\t\t<\/div>\n\t\t<\/div>\n\t\t\t\t\t<\/div>\n\t\t<\/section>\n\t\t\t\t<section class=\"elementor-section elementor-top-section elementor-element elementor-element-33285d5 elementor-section-boxed elementor-section-height-default elementor-section-height-default\" data-id=\"33285d5\" data-element_type=\"section\" data-e-type=\"section\">\n\t\t\t\t\t\t<div class=\"elementor-container elementor-column-gap-wide\">\n\t\t\t\t\t<div class=\"elementor-column elementor-col-50 elementor-top-column elementor-element elementor-element-49dfd55\" data-id=\"49dfd55\" data-element_type=\"column\" data-e-type=\"column\">\n\t\t\t<div class=\"elementor-widget-wrap elementor-element-populated\">\n\t\t\t\t\t\t<div class=\"elementor-element elementor-element-56f0265 elementor-widget elementor-widget-cz_title\" data-id=\"56f0265\" data-element_type=\"widget\" data-e-type=\"widget\" data-widget_type=\"cz_title.default\">\n\t\t\t\t<div class=\"elementor-widget-container\">\n\t\t\t\t\t\t\r\n\t\t<div>\r\n\t\t\t<div class=\"cz_title clr cz_title_pos_inline\"><div class=\"cz_title_content\"><div class=\"cz_wpe_content\"><h3><strong>HOW TO GET TO US:<\/strong><\/h3><\/div><\/div><\/div>\r\n\t\t<\/div>\r\n\t\t\r\n\t\t\t\t\t\t<\/div>\n\t\t\t\t<\/div>\n\t\t\t\t<div class=\"elementor-element elementor-element-d06c260 elementor-widget elementor-widget-cz_image\" data-id=\"d06c260\" data-element_type=\"widget\" data-e-type=\"widget\" data-widget_type=\"cz_image.default\">\n\t\t\t\t<div class=\"elementor-widget-container\">\n\t\t\t\t\t\r\n\t\t<div class=\"cz_image clr cz_image_no_fx center_on_mobile\" data-position=\"\">\r\n\r\n\t\t\t<div>\r\n\r\n\t\t\t\t<div class=\"cz_image_in\">\r\n\r\n\t\t\t\t\t<div class=\"cz_main_image\"><img fetchpriority=\"high\" decoding=\"async\" loading=\"eager\" data-no-lazy=\"1\" width=\"1200\" height=\"917\" src=\"https:\/\/www.podstorzic.si\/wp-content\/uploads\/2022\/09\/dostopi.jpg\" class=\"attachment-full size-full wp-image-1451\" alt=\"Dostopi\" srcset=\"https:\/\/www.podstorzic.si\/wp-content\/uploads\/2022\/09\/dostopi.jpg 1200w, https:\/\/www.podstorzic.si\/wp-content\/uploads\/2022\/09\/dostopi-300x229.jpg 300w, https:\/\/www.podstorzic.si\/wp-content\/uploads\/2022\/09\/dostopi-1024x783.jpg 1024w, https:\/\/www.podstorzic.si\/wp-content\/uploads\/2022\/09\/dostopi-768x587.jpg 768w, https:\/\/www.podstorzic.si\/wp-content\/uploads\/2022\/09\/dostopi-600x459.jpg 600w\" sizes=\"(max-width: 1200px) 100vw, 1200px\" \/><\/div>\r\n\r\n\t\t\t\t\t\r\n\t\t\t\t<\/div>\r\n\r\n\t\t\t\t\r\n\t\t\t<\/div>\r\n\r\n\t\t<\/div>\r\n\r\n\t\t\t\t\t<\/div>\n\t\t\t\t<\/div>\n\t\t\t\t<div class=\"elementor-element elementor-element-f057af7 elementor-widget elementor-widget-cz_title\" data-id=\"f057af7\" data-element_type=\"widget\" data-e-type=\"widget\" data-widget_type=\"cz_title.default\">\n\t\t\t\t<div class=\"elementor-widget-container\">\n\t\t\t\t\t\t\r\n\t\t<div>\r\n\t\t\t<div class=\"cz_title clr cz_title_pos_inline\"><div class=\"cz_title_content\"><div class=\"cz_wpe_content\"><h3><strong>Detailed descriptions of access and routes are available on the following websites:<\/strong><\/h3><\/div><\/div><\/div>\r\n\t\t<\/div>\r\n\t\t\r\n\t\t\t\t\t\t<\/div>\n\t\t\t\t<\/div>\n\t\t\t\t<div class=\"elementor-element elementor-element-8177284 elementor-widget elementor-widget-cz_stylish_list\" data-id=\"8177284\" data-element_type=\"widget\" data-e-type=\"widget\" data-widget_type=\"cz_stylish_list.default\">\n\t\t\t\t<div class=\"elementor-widget-container\">\n\t\t\t\t\t<ul class=\"cz_stylish_list clr cz_sl_icon_hover_none\"><li class=\"elementor-repeater-item-39c83e5 clr\"><a href=\"https:\/\/mapzs.pzs.si\/poi\/1134\" target=\"_blank\"><div class=\"cz_sl_icon\"><i class=\"mr10 fas fa-map-signs\"><\/i><\/div><div><span>maPZS - maps<\/span><\/div><\/a><\/li><li class=\"elementor-repeater-item-136df41 clr\"><a href=\"https:\/\/www.pzs.si\/koce.php?pid=77\" target=\"_blank\"><div class=\"cz_sl_icon\"><i class=\"mr10 fas fa-map-signs\"><\/i><\/div><div><span>PZS, hut profile with routes<\/span><\/div><\/a><\/li><li class=\"elementor-repeater-item-84932c7 clr\"><a href=\"https:\/\/www.hribi.net\/gora\/dom_pod_storzicem\/3\/190\" target=\"_blank\"><div class=\"cz_sl_icon\"><i class=\"mr10 fas fa-map-signs\"><\/i><\/div><div><span>Hribi.net<\/span><\/div><\/a><\/li><li class=\"elementor-repeater-item-4b449fa clr\"><a href=\"https:\/\/www.visit-trzic.com\/en\/accommodation\/storzic-mountain-hostel.html\" target=\"_blank\"><div class=\"cz_sl_icon\"><i class=\"mr10 fas fa-map-signs\"><\/i><\/div><div><span>Visit Tr\u017ei\u010d<\/span><\/div><\/a><\/li><\/ul>\t\t\t\t<\/div>\n\t\t\t\t<\/div>\n\t\t\t\t\t<\/div>\n\t\t<\/div>\n\t\t\t\t<div class=\"elementor-column elementor-col-50 elementor-top-column elementor-element elementor-element-df5715c\" data-id=\"df5715c\" data-element_type=\"column\" data-e-type=\"column\">\n\t\t\t<div class=\"elementor-widget-wrap elementor-element-populated\">\n\t\t\t\t\t\t<div class=\"elementor-element elementor-element-e863a81 elementor-widget elementor-widget-cz_title\" data-id=\"e863a81\" data-element_type=\"widget\" data-e-type=\"widget\" data-widget_type=\"cz_title.default\">\n\t\t\t\t<div class=\"elementor-widget-container\">\n\t\t\t\t\t\t\r\n\t\t<div>\r\n\t\t\t<div class=\"cz_title clr cz_title_pos_inline\"><div class=\"cz_title_content\"><div class=\"cz_wpe_content\"><h4><span style=\"color: #71c043;\"><strong>By car:<\/strong><\/span><\/h4><p>\u00a0<\/p><ul><li>On the local and forest road from Tr\u017ei\u010d through Lom pod Stor\u017ei\u010dem to the parking lot near the cottage, 7 km.<\/li><li>From Tr\u017ei\u010d, on the SPP trail through Kri\u0161ka gora - 5 h 30.<\/li><li>On the local road Tr\u017ei\u010d-Golnik, from Kri\u017e to Gozd, 4 km, through Malo Poljana - 3 h.<\/li><li>From Golnik, through Gozd and Malo Poljana - 3 h.<\/li><li>On the local road Tr\u017ei\u010d-Teneti\u0161e, from Gori\u010d to Zalog, 2 km, through Malo Poljana - 3 h.<\/li><li>On the local road from Preddvor to Ma\u010de, past the cottage on Kali\u0161\u010de, through Ba\u0161elj and Javorni\u0161ki preval - 6 h 15.<\/li><li>On the local road from Preddvor to Ma\u010de, past the cottage on Kali\u0161\u010de, through Stor\u017ei\u010d and \u0160karjev rob - 6 h 30.<\/li><li>From Spodnje Jezersko, on the SPP trail through planina Podstor\u017ei\u010d - 4 h.<\/li><\/ul><\/div><\/div><\/div>\r\n\t\t<\/div>\r\n\t\t\r\n\t\t\t\t\t\t<\/div>\n\t\t\t\t<\/div>\n\t\t\t\t<div class=\"elementor-element elementor-element-5c76623 elementor-widget elementor-widget-cz_title\" data-id=\"5c76623\" data-element_type=\"widget\" data-e-type=\"widget\" data-widget_type=\"cz_title.default\">\n\t\t\t\t<div class=\"elementor-widget-container\">\n\t\t\t\t\t\t\r\n\t\t<div>\r\n\t\t\t<div class=\"cz_title clr cz_title_pos_inline\"><div class=\"cz_title_content\"><div class=\"cz_wpe_content\"><h4><span style=\"color: #71c043;\"><strong>By bus:<\/strong><\/span><\/h4><p>\u00a0<\/p><ul><li>Tr\u017ei\u010d Bus Station, via SPP over Kri\u0161ka Gora \u2013 5 h 30.<\/li><li>Tr\u017ei\u010d Bus Station, through Lom \u2013 2 h 15.<\/li><li>Golnik Bus Station, via Gozd and Mala Poljana \u2013 3 h.<\/li><li>Preddvor Bus Station, past the hut at Kali\u0161\u010de, via Ba\u0161elj and Javorni\u0161ki preval \u2013 6 h 15.<\/li><li>Preddvor Bus Station, past the hut at Kali\u0161\u010de, via Stor\u017ei\u010d and \u0160karjev rob \u2013 6 h 30.<\/li><li>Kanonir Bus Station (Spodnje Jezersko), via SPP over Planina Podstor\u017ei\u010d and Javorni\u0161ki preval \u2013 4 h.<\/li><\/ul><\/div><\/div><\/div>\r\n\t\t<\/div>\r\n\t\t\r\n\t\t\t\t\t\t<\/div>\n\t\t\t\t<\/div>\n\t\t\t\t\t<\/div>\n\t\t<\/div>\n\t\t\t\t\t<\/div>\n\t\t<\/section>\n\t\t\t\t<section class=\"elementor-section elementor-top-section elementor-element elementor-element-25d1eec elementor-section-boxed elementor-section-height-default elementor-section-height-default\" data-id=\"25d1eec\" data-element_type=\"section\" data-e-type=\"section\">\n\t\t\t\t\t\t<div class=\"elementor-container elementor-column-gap-default\">\n\t\t\t\t\t<div class=\"elementor-column elementor-col-33 elementor-top-column elementor-element elementor-element-fe1e28c\" data-id=\"fe1e28c\" data-element_type=\"column\" data-e-type=\"column\">\n\t\t\t<div class=\"elementor-widget-wrap elementor-element-populated\">\n\t\t\t\t\t\t<div class=\"elementor-element elementor-element-776d352 elementor-widget elementor-widget-cz_title\" data-id=\"776d352\" data-element_type=\"widget\" data-e-type=\"widget\" data-widget_type=\"cz_title.default\">\n\t\t\t\t<div class=\"elementor-widget-container\">\n\t\t\t\t\t\t\r\n\t\t<div>\r\n\t\t\t<div class=\"cz_title clr cz_title_pos_inline\"><div class=\"cz_title_content\"><div class=\"cz_wpe_content\"><h3>ASCENTS TO SUMMITS from the HUT<\/h3><p>\u00a0<\/p><ul><li>Stor\u017ei\u010d (2132 m), via \u017drelo, 3.00 h (Very demanding mountain trail)<\/li><li>Stor\u017ei\u010d (2132 m), via Malo and Veliko Poljana and along the ridge of Psice, 3.30 h (Demanding mountain trail)<\/li><li>Stor\u017ei\u010d (2132 m), via \u0160karjev rob, 3.00 h (Easy mountain trail)<\/li><li>Tolsti vrh (1715 m), 2.00 h (Easy mountain trail)<\/li><li>Stegovnik (1692 m), 3.00 h (Demanding mountain trail)<\/li><li>Bela pe\u010d (1346 m), 2.00 h (Easy mountain trail)<\/li><\/ul><\/div><\/div><\/div>\r\n\t\t<\/div>\r\n\t\t\r\n\t\t\t\t\t\t<\/div>\n\t\t\t\t<\/div>\n\t\t\t\t\t<\/div>\n\t\t<\/div>\n\t\t\t\t<div class=\"elementor-column elementor-col-66 elementor-top-column elementor-element elementor-element-1a2057a\" data-id=\"1a2057a\" data-element_type=\"column\" data-e-type=\"column\">\n\t\t\t<div class=\"elementor-widget-wrap elementor-element-populated\">\n\t\t\t\t\t\t<div class=\"elementor-element elementor-element-33f12ba elementor-widget elementor-widget-cz_image\" data-id=\"33f12ba\" data-element_type=\"widget\" data-e-type=\"widget\" data-widget_type=\"cz_image.default\">\n\t\t\t\t<div class=\"elementor-widget-container\">\n\t\t\t\t\t\r\n\t\t<div class=\"cz_image clr cz_image_no_fx center_on_mobile\" data-position=\"\">\r\n\r\n\t\t\t<div>\r\n\r\n\t\t\t\t<div class=\"cz_image_in\">\r\n\r\n\t\t\t\t\t<div class=\"cz_main_image\"><img loading=\"lazy\" decoding=\"async\" width=\"1600\" height=\"786\" src=\"https:\/\/www.podstorzic.si\/wp-content\/uploads\/2022\/09\/podstorzic-poti.jpg\" class=\"attachment-full size-full wp-image-1455\" alt=\"Podrobnej\u0161i opisi dostopov in poti\" loading=\"lazy\" srcset=\"https:\/\/www.podstorzic.si\/wp-content\/uploads\/2022\/09\/podstorzic-poti.jpg 1600w, https:\/\/www.podstorzic.si\/wp-content\/uploads\/2022\/09\/podstorzic-poti-300x147.jpg 300w, https:\/\/www.podstorzic.si\/wp-content\/uploads\/2022\/09\/podstorzic-poti-1024x503.jpg 1024w, https:\/\/www.podstorzic.si\/wp-content\/uploads\/2022\/09\/podstorzic-poti-768x377.jpg 768w, https:\/\/www.podstorzic.si\/wp-content\/uploads\/2022\/09\/podstorzic-poti-1536x755.jpg 1536w, https:\/\/www.podstorzic.si\/wp-content\/uploads\/2022\/09\/podstorzic-poti-600x295.jpg 600w\" sizes=\"auto, (max-width: 1600px) 100vw, 1600px\" \/><\/div>\r\n\r\n\t\t\t\t\t\r\n\t\t\t\t<\/div>\r\n\r\n\t\t\t\t\r\n\t\t\t<\/div>\r\n\r\n\t\t<\/div>\r\n\r\n\t\t\t\t\t<\/div>\n\t\t\t\t<\/div>\n\t\t\t\t\t<\/div>\n\t\t<\/div>\n\t\t\t\t\t<\/div>\n\t\t<\/section>\n\t\t\t\t<\/div>\n\t\t","protected":false},"excerpt":{"rendered":"<p>Planinski dom pod Stor\u017ei\u010dem mountain hut \u00a0 T: +386 4 594 &#8230; <\/p>\n","protected":false},"author":1,"featured_media":0,"parent":0,"menu_order":0,"comment_status":"closed","ping_status":"closed","template":"","meta":{"iawp_total_views":332,"footnotes":""},"class_list":["post-2035","page","type-page","status-publish","hentry"],"yoast_head":"<!-- This site is optimized with the Yoast SEO plugin v27.2 - https:\/\/yoast.com\/product\/yoast-seo-wordpress\/ -->\n<title>Access and routes - Dom pod Stor\u017ei\u010dem<\/title>\n<meta name=\"robots\" content=\"index, follow, max-snippet:-1, max-image-preview:large, max-video-preview:-1\" \/>\n<link rel=\"canonical\" href=\"https:\/\/www.podstorzic.si\/en\/access-and-routes\/\" \/>\n<meta property=\"og:locale\" content=\"en_US\" \/>\n<meta property=\"og:type\" content=\"article\" \/>\n<meta property=\"og:title\" content=\"Access and routes - Dom pod Stor\u017ei\u010dem\" \/>\n<meta property=\"og:description\" content=\"Planinski dom pod Stor\u017ei\u010dem mountain hut \u00a0 T: +386 4 594 ...\" \/>\n<meta property=\"og:url\" content=\"https:\/\/www.podstorzic.si\/en\/access-and-routes\/\" \/>\n<meta property=\"og:site_name\" content=\"Dom pod Stor\u017ei\u010dem\" \/>\n<meta property=\"article:modified_time\" content=\"2023-05-16T10:14:17+00:00\" \/>\n<meta property=\"og:image\" content=\"https:\/\/www.podstorzic.si\/wp-content\/uploads\/2022\/09\/dostopi.jpg\" \/>\n<meta name=\"twitter:card\" content=\"summary_large_image\" \/>\n<meta name=\"twitter:label1\" content=\"Est. reading time\" \/>\n\t<meta name=\"twitter:data1\" content=\"3 minutes\" \/>\n<script type=\"application\/ld+json\" class=\"yoast-schema-graph\">{\"@context\":\"https:\/\/schema.org\",\"@graph\":[{\"@type\":\"WebPage\",\"@id\":\"https:\/\/www.podstorzic.si\/en\/access-and-routes\/\",\"url\":\"https:\/\/www.podstorzic.si\/en\/access-and-routes\/\",\"name\":\"Access and routes - Dom pod Stor\u017ei\u010dem\",\"isPartOf\":{\"@id\":\"https:\/\/www.podstorzic.si\/en\/#website\"},\"primaryImageOfPage\":{\"@id\":\"https:\/\/www.podstorzic.si\/en\/access-and-routes\/#primaryimage\"},\"image\":{\"@id\":\"https:\/\/www.podstorzic.si\/en\/access-and-routes\/#primaryimage\"},\"thumbnailUrl\":\"https:\/\/www.podstorzic.si\/wp-content\/uploads\/2022\/09\/dostopi.jpg\",\"datePublished\":\"2022-09-28T07:56:50+00:00\",\"dateModified\":\"2023-05-16T10:14:17+00:00\",\"breadcrumb\":{\"@id\":\"https:\/\/www.podstorzic.si\/en\/access-and-routes\/#breadcrumb\"},\"inLanguage\":\"en-US\",\"potentialAction\":[{\"@type\":\"ReadAction\",\"target\":[\"https:\/\/www.podstorzic.si\/en\/access-and-routes\/\"]}]},{\"@type\":\"ImageObject\",\"inLanguage\":\"en-US\",\"@id\":\"https:\/\/www.podstorzic.si\/en\/access-and-routes\/#primaryimage\",\"url\":\"https:\/\/www.podstorzic.si\/wp-content\/uploads\/2022\/09\/dostopi.jpg\",\"contentUrl\":\"https:\/\/www.podstorzic.si\/wp-content\/uploads\/2022\/09\/dostopi.jpg\"},{\"@type\":\"BreadcrumbList\",\"@id\":\"https:\/\/www.podstorzic.si\/en\/access-and-routes\/#breadcrumb\",\"itemListElement\":[{\"@type\":\"ListItem\",\"position\":1,\"name\":\"Home\",\"item\":\"https:\/\/www.podstorzic.si\/en\/\"},{\"@type\":\"ListItem\",\"position\":2,\"name\":\"Access and routes\"}]},{\"@type\":\"WebSite\",\"@id\":\"https:\/\/www.podstorzic.si\/en\/#website\",\"url\":\"https:\/\/www.podstorzic.si\/en\/\",\"name\":\"Dom pod Stor\u017ei\u010dem\",\"description\":\"Planinsko dru\u0161tvo Tr\u017ei\u010d\",\"potentialAction\":[{\"@type\":\"SearchAction\",\"target\":{\"@type\":\"EntryPoint\",\"urlTemplate\":\"https:\/\/www.podstorzic.si\/en\/?s={search_term_string}\"},\"query-input\":{\"@type\":\"PropertyValueSpecification\",\"valueRequired\":true,\"valueName\":\"search_term_string\"}}],\"inLanguage\":\"en-US\"}]}<\/script>\n<!-- \/ Yoast SEO plugin. -->","yoast_head_json":{"title":"Access and routes - Dom pod Stor\u017ei\u010dem","robots":{"index":"index","follow":"follow","max-snippet":"max-snippet:-1","max-image-preview":"max-image-preview:large","max-video-preview":"max-video-preview:-1"},"canonical":"https:\/\/www.podstorzic.si\/en\/access-and-routes\/","og_locale":"en_US","og_type":"article","og_title":"Access and routes - Dom pod Stor\u017ei\u010dem","og_description":"Planinski dom pod Stor\u017ei\u010dem mountain hut \u00a0 T: +386 4 594 ...","og_url":"https:\/\/www.podstorzic.si\/en\/access-and-routes\/","og_site_name":"Dom pod Stor\u017ei\u010dem","article_modified_time":"2023-05-16T10:14:17+00:00","og_image":[{"url":"https:\/\/www.podstorzic.si\/wp-content\/uploads\/2022\/09\/dostopi.jpg","type":"","width":"","height":""}],"twitter_card":"summary_large_image","twitter_misc":{"Est. reading time":"3 minutes"},"schema":{"@context":"https:\/\/schema.org","@graph":[{"@type":"WebPage","@id":"https:\/\/www.podstorzic.si\/en\/access-and-routes\/","url":"https:\/\/www.podstorzic.si\/en\/access-and-routes\/","name":"Access and routes - Dom pod Stor\u017ei\u010dem","isPartOf":{"@id":"https:\/\/www.podstorzic.si\/en\/#website"},"primaryImageOfPage":{"@id":"https:\/\/www.podstorzic.si\/en\/access-and-routes\/#primaryimage"},"image":{"@id":"https:\/\/www.podstorzic.si\/en\/access-and-routes\/#primaryimage"},"thumbnailUrl":"https:\/\/www.podstorzic.si\/wp-content\/uploads\/2022\/09\/dostopi.jpg","datePublished":"2022-09-28T07:56:50+00:00","dateModified":"2023-05-16T10:14:17+00:00","breadcrumb":{"@id":"https:\/\/www.podstorzic.si\/en\/access-and-routes\/#breadcrumb"},"inLanguage":"en-US","potentialAction":[{"@type":"ReadAction","target":["https:\/\/www.podstorzic.si\/en\/access-and-routes\/"]}]},{"@type":"ImageObject","inLanguage":"en-US","@id":"https:\/\/www.podstorzic.si\/en\/access-and-routes\/#primaryimage","url":"https:\/\/www.podstorzic.si\/wp-content\/uploads\/2022\/09\/dostopi.jpg","contentUrl":"https:\/\/www.podstorzic.si\/wp-content\/uploads\/2022\/09\/dostopi.jpg"},{"@type":"BreadcrumbList","@id":"https:\/\/www.podstorzic.si\/en\/access-and-routes\/#breadcrumb","itemListElement":[{"@type":"ListItem","position":1,"name":"Home","item":"https:\/\/www.podstorzic.si\/en\/"},{"@type":"ListItem","position":2,"name":"Access and routes"}]},{"@type":"WebSite","@id":"https:\/\/www.podstorzic.si\/en\/#website","url":"https:\/\/www.podstorzic.si\/en\/","name":"Dom pod Stor\u017ei\u010dem","description":"Planinsko dru\u0161tvo Tr\u017ei\u010d","potentialAction":[{"@type":"SearchAction","target":{"@type":"EntryPoint","urlTemplate":"https:\/\/www.podstorzic.si\/en\/?s={search_term_string}"},"query-input":{"@type":"PropertyValueSpecification","valueRequired":true,"valueName":"search_term_string"}}],"inLanguage":"en-US"}]}},"_links":{"self":[{"href":"https:\/\/www.podstorzic.si\/en\/wp-json\/wp\/v2\/pages\/2035","targetHints":{"allow":["GET"]}}],"collection":[{"href":"https:\/\/www.podstorzic.si\/en\/wp-json\/wp\/v2\/pages"}],"about":[{"href":"https:\/\/www.podstorzic.si\/en\/wp-json\/wp\/v2\/types\/page"}],"author":[{"embeddable":true,"href":"https:\/\/www.podstorzic.si\/en\/wp-json\/wp\/v2\/users\/1"}],"replies":[{"embeddable":true,"href":"https:\/\/www.podstorzic.si\/en\/wp-json\/wp\/v2\/comments?post=2035"}],"version-history":[{"count":7,"href":"https:\/\/www.podstorzic.si\/en\/wp-json\/wp\/v2\/pages\/2035\/revisions"}],"predecessor-version":[{"id":2044,"href":"https:\/\/www.podstorzic.si\/en\/wp-json\/wp\/v2\/pages\/2035\/revisions\/2044"}],"wp:attachment":[{"href":"https:\/\/www.podstorzic.si\/en\/wp-json\/wp\/v2\/media?parent=2035"}],"curies":[{"name":"wp","href":"https:\/\/api.w.org\/{rel}","templated":true}]}}