{"id":2017,"date":"2018-05-29T11:14:04","date_gmt":"2018-05-29T09:14:04","guid":{"rendered":"https:\/\/www.podstorzic.si\/kontakt\/"},"modified":"2026-02-13T14:16:28","modified_gmt":"2026-02-13T13:16:28","slug":"contact","status":"publish","type":"page","link":"https:\/\/www.podstorzic.si\/en\/contact\/","title":{"rendered":"Contact"},"content":{"rendered":"\t\t<div data-elementor-type=\"wp-page\" data-elementor-id=\"2017\" class=\"elementor elementor-2017 elementor-17\">\n\t\t\t\t\t\t<section class=\"elementor-section elementor-top-section elementor-element elementor-element-e8768a3 elementor-section-boxed elementor-section-height-default elementor-section-height-default\" data-id=\"e8768a3\" data-element_type=\"section\" data-e-type=\"section\">\n\t\t\t\t\t\t<div class=\"elementor-container elementor-column-gap-default\">\n\t\t\t\t\t<div class=\"elementor-column elementor-col-50 elementor-top-column elementor-element elementor-element-36e70db\" data-id=\"36e70db\" data-element_type=\"column\" data-e-type=\"column\">\n\t\t\t<div class=\"elementor-widget-wrap elementor-element-populated\">\n\t\t\t\t\t\t<div class=\"elementor-element elementor-element-0005165 elementor-widget elementor-widget-cz_title\" data-id=\"0005165\" data-element_type=\"widget\" data-e-type=\"widget\" data-widget_type=\"cz_title.default\">\n\t\t\t\t<div class=\"elementor-widget-container\">\n\t\t\t\t\t\t\r\n\t\t<div>\r\n\t\t\t<div class=\"cz_title clr cz_title_pos_inline\"><div class=\"cz_title_content\"><div class=\"cz_wpe_content\"><h3><span style=\"color: #71c043;\">CONTACT<\/span><\/h3><\/div><\/div><\/div>\r\n\t\t<\/div>\r\n\t\t\r\n\t\t\t\t\t\t<\/div>\n\t\t\t\t<\/div>\n\t\t\t\t<div class=\"elementor-element elementor-element-740dc3c elementor-widget elementor-widget-cz_title\" data-id=\"740dc3c\" data-element_type=\"widget\" data-e-type=\"widget\" data-widget_type=\"cz_title.default\">\n\t\t\t\t<div class=\"elementor-widget-container\">\n\t\t\t\t\t\t\r\n\t\t<div>\r\n\t\t\t<div class=\"cz_title clr cz_title_pos_inline\"><div class=\"cz_title_content\"><div class=\"cz_wpe_content\"><h3><strong>Planinski dom pod Stor\u017ei\u010dem mountain hut<\/strong><\/h3><p>\u00a0<\/p><p>Grahov\u0161e 31<br \/>4290 Tr\u017ei\u010d<\/p><p>\u00a0<\/p><p><strong>T: +386 4 594 50 50<\/strong><br \/><strong>E: <\/strong><a href=\"mailto:dompodstorzicem@gmail.com\"><strong>dompodstorzicem@gmail.com<\/strong><\/a><\/p><p>\u00a0<\/p><p><strong>Hut warden: Jolanda \u010carman<\/strong><\/p><p><strong>Landlord: <\/strong>Stanko Koblar - 040 627 808<\/p><\/div><\/div><\/div>\r\n\t\t<\/div>\r\n\t\t\r\n\t\t\t\t\t\t<\/div>\n\t\t\t\t<\/div>\n\t\t\t\t<div class=\"elementor-element elementor-element-7dd929d elementor-widget elementor-widget-cz_social_icons\" data-id=\"7dd929d\" data-element_type=\"widget\" data-e-type=\"widget\" data-widget_type=\"cz_social_icons.default\">\n\t\t\t\t<div class=\"elementor-widget-container\">\n\t\t\t\t\t<div class=\"cz_social_icons cz_social clr tal\"><a href=\"https:\/\/www.facebook.com\/dompod.storzicem\" target=\"_blank\"><i class=\"fab fa-facebook-square\"><\/i><\/a><\/div>\t\t\t\t<\/div>\n\t\t\t\t<\/div>\n\t\t\t\t<div class=\"elementor-element elementor-element-176bc7f elementor-widget-divider--view-line elementor-widget elementor-widget-divider\" data-id=\"176bc7f\" data-element_type=\"widget\" data-e-type=\"widget\" data-widget_type=\"divider.default\">\n\t\t\t\t<div class=\"elementor-widget-container\">\n\t\t\t\t\t\t\t<div class=\"elementor-divider\">\n\t\t\t<span class=\"elementor-divider-separator\">\n\t\t\t\t\t\t<\/span>\n\t\t<\/div>\n\t\t\t\t\t\t<\/div>\n\t\t\t\t<\/div>\n\t\t\t\t<div class=\"elementor-element elementor-element-3835f6d elementor-widget elementor-widget-cz_title\" data-id=\"3835f6d\" data-element_type=\"widget\" data-e-type=\"widget\" data-widget_type=\"cz_title.default\">\n\t\t\t\t<div class=\"elementor-widget-container\">\n\t\t\t\t\t\t\r\n\t\t<div>\r\n\t\t\t<div class=\"cz_title clr cz_title_pos_inline\"><a href=\"https:\/\/www.planinsko-drustvo-trzic.si\/\" target=\"_blank\"><div class=\"cz_title_content\"><div class=\"cz_wpe_content\"><h3><span style=\"color: #71c043;\">Planinsko dru\u0161tvo Tr\u017ei\u010d<\/span><\/h3><\/div><\/div><\/a><\/div>\r\n\t\t<\/div>\r\n\t\t\r\n\t\t\t\t\t\t<\/div>\n\t\t\t\t<\/div>\n\t\t\t\t<div class=\"elementor-element elementor-element-538d21f elementor-widget elementor-widget-cz_title\" data-id=\"538d21f\" data-element_type=\"widget\" data-e-type=\"widget\" data-widget_type=\"cz_title.default\">\n\t\t\t\t<div class=\"elementor-widget-container\">\n\t\t\t\t\t\t\r\n\t\t<div>\r\n\t\t\t<div class=\"cz_title clr cz_title_pos_inline\"><div class=\"cz_title_content\"><div class=\"cz_wpe_content\"><h4>Links:<\/h4><p>\u00a0<\/p><ul><li><a href=\"https:\/\/www.pzs.si\/koce.php?pid=77\" target=\"_blank\" rel=\"noopener\">PZS, hut profile<\/a><\/li><li><a href=\"https:\/\/www.hribi.net\/gora\/dom_pod_storzicem\/3\/190\" target=\"_blank\" rel=\"noopener\">Hribi.net<\/a><\/li><li><a href=\"https:\/\/www.visit-trzic.com\/\" target=\"_blank\" rel=\"noopener\">Visit Tr\u017ei\u010d<\/a><\/li><li><a href=\"https:\/\/mapzs.pzs.si\/poi\/1134\" target=\"_blank\" rel=\"noopener\">maPZS<\/a><\/li><\/ul><\/div><\/div><\/div>\r\n\t\t<\/div>\r\n\t\t\r\n\t\t\t\t\t\t<\/div>\n\t\t\t\t<\/div>\n\t\t\t\t\t<\/div>\n\t\t<\/div>\n\t\t\t\t<div class=\"elementor-column elementor-col-50 elementor-top-column elementor-element elementor-element-9c78770\" data-id=\"9c78770\" data-element_type=\"column\" data-e-type=\"column\">\n\t\t\t<div class=\"elementor-widget-wrap elementor-element-populated\">\n\t\t\t\t\t\t<div class=\"elementor-element elementor-element-b9e7f41 elementor-widget elementor-widget-cz_title\" data-id=\"b9e7f41\" data-element_type=\"widget\" data-e-type=\"widget\" data-widget_type=\"cz_title.default\">\n\t\t\t\t<div class=\"elementor-widget-container\">\n\t\t\t\t\t\t\r\n\t\t<div>\r\n\t\t\t<div class=\"cz_title clr cz_title_pos_inline\"><div class=\"cz_title_content\"><div class=\"cz_wpe_content\"><h3><span style=\"color: #71c043;\">Opening hours:<\/span><\/h3><ul><li><p><strong>During the summer season (1.6. - 30.9.)<\/strong> the Dom pod Stor\u017ei\u010dem is open every day.<\/p><\/li><li><p><strong>Outside the season (1.10. - 31.5.)<\/strong>\u00a0we are open from Friday from 12:00 to Sunday until 16:00. For groups, we can also open during the week upon prior arrangement.<\/p><\/li><li><p><strong>In winter<\/strong>, if the snow conditions are favorable, the Dom may also be open during the week.<\/p><\/li><\/ul><\/div><\/div><\/div>\r\n\t\t<\/div>\r\n\t\t\r\n\t\t\t\t\t\t<\/div>\n\t\t\t\t<\/div>\n\t\t\t\t<div class=\"elementor-element elementor-element-7eb41c2 elementor-widget elementor-widget-cz_image\" data-id=\"7eb41c2\" data-element_type=\"widget\" data-e-type=\"widget\" data-widget_type=\"cz_image.default\">\n\t\t\t\t<div class=\"elementor-widget-container\">\n\t\t\t\t\t\r\n\t\t<div class=\"cz_image clr cz_image_no_fx center_on_mobile\" data-position=\"\">\r\n\r\n\t\t\t<div>\r\n\r\n\t\t\t\t<div class=\"cz_image_in\">\r\n\r\n\t\t\t\t\t<div class=\"cz_main_image\"><img fetchpriority=\"high\" decoding=\"async\" loading=\"eager\" data-no-lazy=\"1\" width=\"758\" height=\"800\" src=\"https:\/\/www.podstorzic.si\/wp-content\/uploads\/2022\/09\/dom-pod-storzicem-smerokaz2.jpg\" class=\"attachment-full size-full wp-image-1363\" alt=\"Dom pod storzicem smerokaz2\" srcset=\"https:\/\/www.podstorzic.si\/wp-content\/uploads\/2022\/09\/dom-pod-storzicem-smerokaz2.jpg 758w, https:\/\/www.podstorzic.si\/wp-content\/uploads\/2022\/09\/dom-pod-storzicem-smerokaz2-284x300.jpg 284w, https:\/\/www.podstorzic.si\/wp-content\/uploads\/2022\/09\/dom-pod-storzicem-smerokaz2-600x633.jpg 600w\" sizes=\"(max-width: 758px) 100vw, 758px\" \/><\/div>\r\n\r\n\t\t\t\t\t\r\n\t\t\t\t<\/div>\r\n\r\n\t\t\t\t\r\n\t\t\t<\/div>\r\n\r\n\t\t<\/div>\r\n\r\n\t\t\t\t\t<\/div>\n\t\t\t\t<\/div>\n\t\t\t\t\t<\/div>\n\t\t<\/div>\n\t\t\t\t\t<\/div>\n\t\t<\/section>\n\t\t\t\t<\/div>\n\t\t","protected":false},"excerpt":{"rendered":"<p>CONTACT Planinski dom pod Stor\u017ei\u010dem mountain hut \u00a0 Grahov\u0161e 314290 Tr\u017ei\u010d &#8230; <\/p>\n","protected":false},"author":1,"featured_media":0,"parent":0,"menu_order":0,"comment_status":"closed","ping_status":"closed","template":"","meta":{"iawp_total_views":182,"footnotes":""},"class_list":["post-2017","page","type-page","status-publish","hentry"],"yoast_head":"<!-- This site is optimized with the Yoast SEO plugin v27.2 - https:\/\/yoast.com\/product\/yoast-seo-wordpress\/ -->\n<title>Contact - Dom pod Stor\u017ei\u010dem<\/title>\n<meta name=\"robots\" content=\"index, follow, max-snippet:-1, max-image-preview:large, max-video-preview:-1\" \/>\n<link rel=\"canonical\" href=\"https:\/\/www.podstorzic.si\/en\/contact\/\" \/>\n<meta property=\"og:locale\" content=\"en_US\" \/>\n<meta property=\"og:type\" content=\"article\" \/>\n<meta property=\"og:title\" content=\"Contact - Dom pod Stor\u017ei\u010dem\" \/>\n<meta property=\"og:description\" content=\"CONTACT Planinski dom pod Stor\u017ei\u010dem mountain hut \u00a0 Grahov\u0161e 314290 Tr\u017ei\u010d ...\" \/>\n<meta property=\"og:url\" content=\"https:\/\/www.podstorzic.si\/en\/contact\/\" \/>\n<meta property=\"og:site_name\" content=\"Dom pod Stor\u017ei\u010dem\" \/>\n<meta property=\"article:modified_time\" content=\"2026-02-13T13:16:28+00:00\" \/>\n<meta property=\"og:image\" content=\"https:\/\/www.podstorzic.si\/wp-content\/uploads\/2022\/09\/dom-pod-storzicem-smerokaz2.jpg\" \/>\n\t<meta property=\"og:image:width\" content=\"758\" \/>\n\t<meta property=\"og:image:height\" content=\"800\" \/>\n\t<meta property=\"og:image:type\" content=\"image\/jpeg\" \/>\n<meta name=\"twitter:card\" content=\"summary_large_image\" \/>\n<meta name=\"twitter:label1\" content=\"Est. reading time\" \/>\n\t<meta name=\"twitter:data1\" content=\"1 minute\" \/>\n<script type=\"application\/ld+json\" class=\"yoast-schema-graph\">{\"@context\":\"https:\/\/schema.org\",\"@graph\":[{\"@type\":\"WebPage\",\"@id\":\"https:\/\/www.podstorzic.si\/en\/contact\/\",\"url\":\"https:\/\/www.podstorzic.si\/en\/contact\/\",\"name\":\"Contact - Dom pod Stor\u017ei\u010dem\",\"isPartOf\":{\"@id\":\"https:\/\/www.podstorzic.si\/en\/#website\"},\"primaryImageOfPage\":{\"@id\":\"https:\/\/www.podstorzic.si\/en\/contact\/#primaryimage\"},\"image\":{\"@id\":\"https:\/\/www.podstorzic.si\/en\/contact\/#primaryimage\"},\"thumbnailUrl\":\"https:\/\/www.podstorzic.si\/wp-content\/uploads\/2022\/09\/dom-pod-storzicem-smerokaz2.jpg\",\"datePublished\":\"2018-05-29T09:14:04+00:00\",\"dateModified\":\"2026-02-13T13:16:28+00:00\",\"breadcrumb\":{\"@id\":\"https:\/\/www.podstorzic.si\/en\/contact\/#breadcrumb\"},\"inLanguage\":\"en-US\",\"potentialAction\":[{\"@type\":\"ReadAction\",\"target\":[\"https:\/\/www.podstorzic.si\/en\/contact\/\"]}]},{\"@type\":\"ImageObject\",\"inLanguage\":\"en-US\",\"@id\":\"https:\/\/www.podstorzic.si\/en\/contact\/#primaryimage\",\"url\":\"https:\/\/www.podstorzic.si\/wp-content\/uploads\/2022\/09\/dom-pod-storzicem-smerokaz2.jpg\",\"contentUrl\":\"https:\/\/www.podstorzic.si\/wp-content\/uploads\/2022\/09\/dom-pod-storzicem-smerokaz2.jpg\"},{\"@type\":\"BreadcrumbList\",\"@id\":\"https:\/\/www.podstorzic.si\/en\/contact\/#breadcrumb\",\"itemListElement\":[{\"@type\":\"ListItem\",\"position\":1,\"name\":\"Home\",\"item\":\"https:\/\/www.podstorzic.si\/en\/\"},{\"@type\":\"ListItem\",\"position\":2,\"name\":\"Contact\"}]},{\"@type\":\"WebSite\",\"@id\":\"https:\/\/www.podstorzic.si\/en\/#website\",\"url\":\"https:\/\/www.podstorzic.si\/en\/\",\"name\":\"Dom pod Stor\u017ei\u010dem\",\"description\":\"Planinsko dru\u0161tvo Tr\u017ei\u010d\",\"potentialAction\":[{\"@type\":\"SearchAction\",\"target\":{\"@type\":\"EntryPoint\",\"urlTemplate\":\"https:\/\/www.podstorzic.si\/en\/?s={search_term_string}\"},\"query-input\":{\"@type\":\"PropertyValueSpecification\",\"valueRequired\":true,\"valueName\":\"search_term_string\"}}],\"inLanguage\":\"en-US\"}]}<\/script>\n<!-- \/ Yoast SEO plugin. -->","yoast_head_json":{"title":"Contact - Dom pod Stor\u017ei\u010dem","robots":{"index":"index","follow":"follow","max-snippet":"max-snippet:-1","max-image-preview":"max-image-preview:large","max-video-preview":"max-video-preview:-1"},"canonical":"https:\/\/www.podstorzic.si\/en\/contact\/","og_locale":"en_US","og_type":"article","og_title":"Contact - Dom pod Stor\u017ei\u010dem","og_description":"CONTACT Planinski dom pod Stor\u017ei\u010dem mountain hut \u00a0 Grahov\u0161e 314290 Tr\u017ei\u010d ...","og_url":"https:\/\/www.podstorzic.si\/en\/contact\/","og_site_name":"Dom pod Stor\u017ei\u010dem","article_modified_time":"2026-02-13T13:16:28+00:00","og_image":[{"width":758,"height":800,"url":"https:\/\/www.podstorzic.si\/wp-content\/uploads\/2022\/09\/dom-pod-storzicem-smerokaz2.jpg","type":"image\/jpeg"}],"twitter_card":"summary_large_image","twitter_misc":{"Est. reading time":"1 minute"},"schema":{"@context":"https:\/\/schema.org","@graph":[{"@type":"WebPage","@id":"https:\/\/www.podstorzic.si\/en\/contact\/","url":"https:\/\/www.podstorzic.si\/en\/contact\/","name":"Contact - Dom pod Stor\u017ei\u010dem","isPartOf":{"@id":"https:\/\/www.podstorzic.si\/en\/#website"},"primaryImageOfPage":{"@id":"https:\/\/www.podstorzic.si\/en\/contact\/#primaryimage"},"image":{"@id":"https:\/\/www.podstorzic.si\/en\/contact\/#primaryimage"},"thumbnailUrl":"https:\/\/www.podstorzic.si\/wp-content\/uploads\/2022\/09\/dom-pod-storzicem-smerokaz2.jpg","datePublished":"2018-05-29T09:14:04+00:00","dateModified":"2026-02-13T13:16:28+00:00","breadcrumb":{"@id":"https:\/\/www.podstorzic.si\/en\/contact\/#breadcrumb"},"inLanguage":"en-US","potentialAction":[{"@type":"ReadAction","target":["https:\/\/www.podstorzic.si\/en\/contact\/"]}]},{"@type":"ImageObject","inLanguage":"en-US","@id":"https:\/\/www.podstorzic.si\/en\/contact\/#primaryimage","url":"https:\/\/www.podstorzic.si\/wp-content\/uploads\/2022\/09\/dom-pod-storzicem-smerokaz2.jpg","contentUrl":"https:\/\/www.podstorzic.si\/wp-content\/uploads\/2022\/09\/dom-pod-storzicem-smerokaz2.jpg"},{"@type":"BreadcrumbList","@id":"https:\/\/www.podstorzic.si\/en\/contact\/#breadcrumb","itemListElement":[{"@type":"ListItem","position":1,"name":"Home","item":"https:\/\/www.podstorzic.si\/en\/"},{"@type":"ListItem","position":2,"name":"Contact"}]},{"@type":"WebSite","@id":"https:\/\/www.podstorzic.si\/en\/#website","url":"https:\/\/www.podstorzic.si\/en\/","name":"Dom pod Stor\u017ei\u010dem","description":"Planinsko dru\u0161tvo Tr\u017ei\u010d","potentialAction":[{"@type":"SearchAction","target":{"@type":"EntryPoint","urlTemplate":"https:\/\/www.podstorzic.si\/en\/?s={search_term_string}"},"query-input":{"@type":"PropertyValueSpecification","valueRequired":true,"valueName":"search_term_string"}}],"inLanguage":"en-US"}]}},"_links":{"self":[{"href":"https:\/\/www.podstorzic.si\/en\/wp-json\/wp\/v2\/pages\/2017","targetHints":{"allow":["GET"]}}],"collection":[{"href":"https:\/\/www.podstorzic.si\/en\/wp-json\/wp\/v2\/pages"}],"about":[{"href":"https:\/\/www.podstorzic.si\/en\/wp-json\/wp\/v2\/types\/page"}],"author":[{"embeddable":true,"href":"https:\/\/www.podstorzic.si\/en\/wp-json\/wp\/v2\/users\/1"}],"replies":[{"embeddable":true,"href":"https:\/\/www.podstorzic.si\/en\/wp-json\/wp\/v2\/comments?post=2017"}],"version-history":[{"count":13,"href":"https:\/\/www.podstorzic.si\/en\/wp-json\/wp\/v2\/pages\/2017\/revisions"}],"predecessor-version":[{"id":2258,"href":"https:\/\/www.podstorzic.si\/en\/wp-json\/wp\/v2\/pages\/2017\/revisions\/2258"}],"wp:attachment":[{"href":"https:\/\/www.podstorzic.si\/en\/wp-json\/wp\/v2\/media?parent=2017"}],"curies":[{"name":"wp","href":"https:\/\/api.w.org\/{rel}","templated":true}]}}