{"id":2016,"date":"2022-09-28T11:45:44","date_gmt":"2022-09-28T09:45:44","guid":{"rendered":"https:\/\/www.podstorzic.si\/novice\/"},"modified":"2023-05-16T12:00:47","modified_gmt":"2023-05-16T10:00:47","slug":"news","status":"publish","type":"page","link":"https:\/\/www.podstorzic.si\/en\/news\/","title":{"rendered":"News"},"content":{"rendered":"\t\t<div data-elementor-type=\"wp-page\" data-elementor-id=\"2016\" class=\"elementor elementor-2016 elementor-1473\">\n\t\t\t\t\t\t<section class=\"elementor-section elementor-top-section elementor-element elementor-element-b06410f elementor-section-boxed elementor-section-height-default elementor-section-height-default\" data-id=\"b06410f\" data-element_type=\"section\" data-e-type=\"section\">\n\t\t\t\t\t\t<div class=\"elementor-container elementor-column-gap-default\">\n\t\t\t\t\t<div class=\"elementor-column elementor-col-100 elementor-top-column elementor-element elementor-element-5a08c89\" data-id=\"5a08c89\" data-element_type=\"column\" data-e-type=\"column\">\n\t\t\t<div class=\"elementor-widget-wrap elementor-element-populated\">\n\t\t\t\t\t\t<div class=\"elementor-element elementor-element-9b107f8 elementor-widget elementor-widget-cz_title\" data-id=\"9b107f8\" data-element_type=\"widget\" data-e-type=\"widget\" data-widget_type=\"cz_title.default\">\n\t\t\t\t<div class=\"elementor-widget-container\">\n\t\t\t\t\t\t\r\n\t\t<div>\r\n\t\t\t<div class=\"cz_title clr cz_title_pos_inline\"><div class=\"cz_title_content\"><div class=\"cz_wpe_content\"><h1>News<\/h1><\/div><\/div><\/div>\r\n\t\t<\/div>\r\n\t\t\r\n\t\t\t\t\t\t<\/div>\n\t\t\t\t<\/div>\n\t\t\t\t<div class=\"elementor-element elementor-element-1c9c9ac elementor-widget elementor-widget-html\" data-id=\"1c9c9ac\" data-element_type=\"widget\" data-e-type=\"widget\" data-widget_type=\"html.default\">\n\t\t\t\t<div class=\"elementor-widget-container\">\n\t\t\t\t\t\n            <div \n                class=\"elfsight-widget-facebook-feed elfsight-widget\" \n                data-elfsight-facebook-feed-options=\"%7B%22tokenType%22%3A%22page%22%2C%22userAccessToken%22%3A%22%22%2C%22userAccessTokenPagesScope%22%3A%22EAADQZAoJZBZBH0BO2WT8VC7qcyZBZA72gZANoV6Ry6FG1fIXjFjpywYvYbrv6pnzEFNVX988GWEJyM7hPEreH3sbJPZBCtsPn3iTrtubURkV5R4mQHOW2HwgZCJYujh7OqMERVN9QYMsuzlUeSJgMINrZCdxcLMCnrxC91ko4iTxQU1REsJeT4VETO5iJfeIfDaaDIZCv1qhZB7xXZA8JYB9qLA6ZBAqjjyYeW5sBuG8mwlNwJatCVaeftlUYQzLFj6Igmux8sAZDZD%22%2C%22source%22%3A%22https%3A%5C%2F%5C%2Fwww.facebook.com%5C%2Felfsight%22%2C%22page%22%3A%7B%22name%22%3A%22Dom%20Pod%20Stor%5Cu017ei%5Cu010dem%22%2C%22value%22%3A%22352580688412132%22%2C%22link%22%3A%22https%3A%5C%2F%5C%2Fwww.facebook.com%5C%2F352580688412132%22%2C%22picture%22%3A%7B%22data%22%3A%7B%22height%22%3A50%2C%22is_silhouette%22%3Afalse%2C%22url%22%3A%22https%3A%5C%2F%5C%2Fscontent.flju1-1.fna.fbcdn.net%5C%2Fv%5C%2Ft39.30808-1%5C%2F429661336_878122510987809_7515132001346313457_n.jpg%3Fstp%3Dcp0_dst-jpg_p50x50%26_nc_cat%3D107%26ccb%3D1-7%26_nc_sid%3D5f2048%26_nc_ohc%3DakMqmqFx1YsAX8lR3xk%26_nc_ht%3Dscontent.flju1-1.fna%26edm%3DAGaHXAAEAAAA%26oh%3D00_AfDWvFVAOYSwE2FRubnGigj7_-kv9GUTu-aXj7GiPiB4kw%26oe%3D65EF7AC6%22%2C%22width%22%3A50%7D%7D%7D%2C%22pageAccessToken%22%3A%22EAADQZAoJZBZBH0BO6q9J9v83rZCOlXw2752MZBKlu9XdRFwZCXiA5je6SVfjEiGyOpdF3mg0eMIMBuX9iOC94uJwMhT0ZBnuSAPZCZB5ZCud11EYhojolIcuxYR7kbz7R2h8eUqAiWczL6ZCiQQQJ8RtNT5g3ti2obxYZCDdmCHK5HUWXTZCyW5VT8y07RSc9KZB7ZA01kwCZAZCStt0FZAgVM5GEy%22%2C%22width%22%3A%22auto%22%2C%22height%22%3A%22auto%22%2C%22contentDivider%22%3Anull%2C%22headerVisible%22%3Atrue%2C%22headerParts%22%3A%5B%22cover%22%2C%22actions%22%2C%22picture%22%2C%22likesCount%22%5D%2C%22headerActions%22%3A%5B%7B%22type%22%3A%22like%22%7D%2C%7B%22type%22%3A%22share%22%7D%5D%2C%22menuVisible%22%3Atrue%2C%22contentPostsVisible%22%3Atrue%2C%22contentPostsParts%22%3A%5B%22author%22%2C%22likesCount%22%2C%22commentsCount%22%2C%22sharesCount%22%2C%22shareButton%22%5D%2C%22contentPostsLimit%22%3A0%2C%22contentPhotosVisible%22%3Atrue%2C%22contentAlbumsVisible%22%3Atrue%2C%22contentVideosVisible%22%3Afalse%2C%22contentVideosParts%22%3A%5B%22description%22%2C%22likesCount%22%2C%22commentsCount%22%5D%2C%22contentEventsVisible%22%3Afalse%2C%22contentPopupParts%22%3A%5B%22author%22%2C%22likesCount%22%2C%22shareButton%22%2C%22comments%22%5D%2C%22lang%22%3A%22en%22%2C%22cacheTime%22%3A%223600%22%2C%22apiUrl%22%3A%22https%3A%5C%2F%5C%2Fwww.podstorzic.si%5C%2Fen%5C%2Fwp-json%5C%2Felfsight-facebook-feed%5C%2Fapi%22%2C%22widgetId%22%3A%221%22%7D\" \n                data-elfsight-facebook-feed-version=\"1.15.0\"\n                data-elfsight-widget-id=\"elfsight-facebook-feed-1\">\n            <\/div>\n            \t\t\t\t<\/div>\n\t\t\t\t<\/div>\n\t\t\t\t\t<\/div>\n\t\t<\/div>\n\t\t\t\t\t<\/div>\n\t\t<\/section>\n\t\t\t\t<\/div>\n\t\t","protected":false},"excerpt":{"rendered":"<p>News &#8230; <\/p>\n","protected":false},"author":1,"featured_media":0,"parent":0,"menu_order":0,"comment_status":"closed","ping_status":"closed","template":"","meta":{"iawp_total_views":39,"footnotes":""},"class_list":["post-2016","page","type-page","status-publish","hentry"],"yoast_head":"<!-- This site is optimized with the Yoast SEO plugin v27.2 - https:\/\/yoast.com\/product\/yoast-seo-wordpress\/ -->\n<title>News - Dom pod Stor\u017ei\u010dem<\/title>\n<meta name=\"robots\" content=\"index, follow, max-snippet:-1, max-image-preview:large, max-video-preview:-1\" \/>\n<link rel=\"canonical\" href=\"https:\/\/www.podstorzic.si\/en\/news\/\" \/>\n<meta property=\"og:locale\" content=\"en_US\" \/>\n<meta property=\"og:type\" content=\"article\" \/>\n<meta property=\"og:title\" content=\"News - Dom pod Stor\u017ei\u010dem\" \/>\n<meta property=\"og:description\" content=\"News ...\" \/>\n<meta property=\"og:url\" content=\"https:\/\/www.podstorzic.si\/en\/news\/\" \/>\n<meta property=\"og:site_name\" content=\"Dom pod Stor\u017ei\u010dem\" \/>\n<meta property=\"article:modified_time\" content=\"2023-05-16T10:00:47+00:00\" \/>\n<meta name=\"twitter:card\" content=\"summary_large_image\" \/>\n<meta name=\"twitter:label1\" content=\"Est. reading time\" \/>\n\t<meta name=\"twitter:data1\" content=\"1 minute\" \/>\n<script type=\"application\/ld+json\" class=\"yoast-schema-graph\">{\"@context\":\"https:\/\/schema.org\",\"@graph\":[{\"@type\":\"WebPage\",\"@id\":\"https:\/\/www.podstorzic.si\/en\/news\/\",\"url\":\"https:\/\/www.podstorzic.si\/en\/news\/\",\"name\":\"News - Dom pod Stor\u017ei\u010dem\",\"isPartOf\":{\"@id\":\"https:\/\/www.podstorzic.si\/en\/#website\"},\"datePublished\":\"2022-09-28T09:45:44+00:00\",\"dateModified\":\"2023-05-16T10:00:47+00:00\",\"breadcrumb\":{\"@id\":\"https:\/\/www.podstorzic.si\/en\/news\/#breadcrumb\"},\"inLanguage\":\"en-US\",\"potentialAction\":[{\"@type\":\"ReadAction\",\"target\":[\"https:\/\/www.podstorzic.si\/en\/news\/\"]}]},{\"@type\":\"BreadcrumbList\",\"@id\":\"https:\/\/www.podstorzic.si\/en\/news\/#breadcrumb\",\"itemListElement\":[{\"@type\":\"ListItem\",\"position\":1,\"name\":\"Home\",\"item\":\"https:\/\/www.podstorzic.si\/en\/\"},{\"@type\":\"ListItem\",\"position\":2,\"name\":\"News\"}]},{\"@type\":\"WebSite\",\"@id\":\"https:\/\/www.podstorzic.si\/en\/#website\",\"url\":\"https:\/\/www.podstorzic.si\/en\/\",\"name\":\"Dom pod Stor\u017ei\u010dem\",\"description\":\"Planinsko dru\u0161tvo Tr\u017ei\u010d\",\"potentialAction\":[{\"@type\":\"SearchAction\",\"target\":{\"@type\":\"EntryPoint\",\"urlTemplate\":\"https:\/\/www.podstorzic.si\/en\/?s={search_term_string}\"},\"query-input\":{\"@type\":\"PropertyValueSpecification\",\"valueRequired\":true,\"valueName\":\"search_term_string\"}}],\"inLanguage\":\"en-US\"}]}<\/script>\n<!-- \/ Yoast SEO plugin. -->","yoast_head_json":{"title":"News - Dom pod Stor\u017ei\u010dem","robots":{"index":"index","follow":"follow","max-snippet":"max-snippet:-1","max-image-preview":"max-image-preview:large","max-video-preview":"max-video-preview:-1"},"canonical":"https:\/\/www.podstorzic.si\/en\/news\/","og_locale":"en_US","og_type":"article","og_title":"News - Dom pod Stor\u017ei\u010dem","og_description":"News ...","og_url":"https:\/\/www.podstorzic.si\/en\/news\/","og_site_name":"Dom pod Stor\u017ei\u010dem","article_modified_time":"2023-05-16T10:00:47+00:00","twitter_card":"summary_large_image","twitter_misc":{"Est. reading time":"1 minute"},"schema":{"@context":"https:\/\/schema.org","@graph":[{"@type":"WebPage","@id":"https:\/\/www.podstorzic.si\/en\/news\/","url":"https:\/\/www.podstorzic.si\/en\/news\/","name":"News - Dom pod Stor\u017ei\u010dem","isPartOf":{"@id":"https:\/\/www.podstorzic.si\/en\/#website"},"datePublished":"2022-09-28T09:45:44+00:00","dateModified":"2023-05-16T10:00:47+00:00","breadcrumb":{"@id":"https:\/\/www.podstorzic.si\/en\/news\/#breadcrumb"},"inLanguage":"en-US","potentialAction":[{"@type":"ReadAction","target":["https:\/\/www.podstorzic.si\/en\/news\/"]}]},{"@type":"BreadcrumbList","@id":"https:\/\/www.podstorzic.si\/en\/news\/#breadcrumb","itemListElement":[{"@type":"ListItem","position":1,"name":"Home","item":"https:\/\/www.podstorzic.si\/en\/"},{"@type":"ListItem","position":2,"name":"News"}]},{"@type":"WebSite","@id":"https:\/\/www.podstorzic.si\/en\/#website","url":"https:\/\/www.podstorzic.si\/en\/","name":"Dom pod Stor\u017ei\u010dem","description":"Planinsko dru\u0161tvo Tr\u017ei\u010d","potentialAction":[{"@type":"SearchAction","target":{"@type":"EntryPoint","urlTemplate":"https:\/\/www.podstorzic.si\/en\/?s={search_term_string}"},"query-input":{"@type":"PropertyValueSpecification","valueRequired":true,"valueName":"search_term_string"}}],"inLanguage":"en-US"}]}},"_links":{"self":[{"href":"https:\/\/www.podstorzic.si\/en\/wp-json\/wp\/v2\/pages\/2016","targetHints":{"allow":["GET"]}}],"collection":[{"href":"https:\/\/www.podstorzic.si\/en\/wp-json\/wp\/v2\/pages"}],"about":[{"href":"https:\/\/www.podstorzic.si\/en\/wp-json\/wp\/v2\/types\/page"}],"author":[{"embeddable":true,"href":"https:\/\/www.podstorzic.si\/en\/wp-json\/wp\/v2\/users\/1"}],"replies":[{"embeddable":true,"href":"https:\/\/www.podstorzic.si\/en\/wp-json\/wp\/v2\/comments?post=2016"}],"version-history":[{"count":4,"href":"https:\/\/www.podstorzic.si\/en\/wp-json\/wp\/v2\/pages\/2016\/revisions"}],"predecessor-version":[{"id":2025,"href":"https:\/\/www.podstorzic.si\/en\/wp-json\/wp\/v2\/pages\/2016\/revisions\/2025"}],"wp:attachment":[{"href":"https:\/\/www.podstorzic.si\/en\/wp-json\/wp\/v2\/media?parent=2016"}],"curies":[{"name":"wp","href":"https:\/\/api.w.org\/{rel}","templated":true}]}}